{"id":1144,"date":"2024-05-20T15:53:38","date_gmt":"2024-05-20T13:53:38","guid":{"rendered":"https:\/\/hulukitrade.com\/?page_id=1144"},"modified":"2024-05-20T16:05:32","modified_gmt":"2024-05-20T14:05:32","slug":"polityka-prywatnosci","status":"publish","type":"page","link":"https:\/\/hulukitrade.com\/de\/datenschutzbestimmungen\/","title":{"rendered":"Datenschutzrichtlinie (DSGVO)"},"content":{"rendered":"<h2 class=\"wp-block-heading\">Bitte lesen Sie die folgenden Informationen sorgf\u00e4ltig durch. <\/h2>\n\n\n\n<p>Sie erfahren, wie wir Ihre personenbezogenen Daten in unserem Unternehmen verarbeiten. <\/p>\n\n\n\n<p>Rechtsgrundlage: Verordnung (EU) 2016\/679 des Europ\u00e4ischen Parlaments und des Rates vom 27. April 2016 zum Schutz nat\u00fcrlicher Personen bei der Verarbeitung personenbezogener Daten, zum freien Datenverkehr und zur Aufhebung der Richtlinie 95\/ 46\/EG. <\/p>\n\n\n\n<p><strong>Bedenken Sie, dass die Angabe Ihrer personenbezogenen Daten freiwillig ist. Wenn Sie mit der Bereitstellung Ihrer Daten nicht einverstanden sind, k\u00f6nnen wir Sie bitten, diese Website zu verlassen, dann werden Ihre Daten nicht verarbeitet. <\/strong><\/p>\n\n\n\n<p> <\/p>\n\n\n\n<h2 class=\"wp-block-heading\">Wer ist der Administrator Ihrer personenbezogenen Daten? <\/h2>\n\n\n\n<p>Der Administrator Ihrer pers\u00f6nlichen Daten ist <strong>HULUKI SP. Z OO mit Sitz in \u0141\u00f3d\u017a, ul. Wile\u0144ska 9 (im Folgenden \u201eWir\u201c oder HULUKI SP. Z OO genannt)<\/strong> Betreiber der Website abrufbar unter <strong>hulukitrade.com (im Folgenden hulukitrade.com)<\/strong>.<\/p>\n\n\n\n<p> <\/p>\n\n\n\n<h2 class=\"wp-block-heading\">Wie kann ich Sie bez\u00fcglich Fragen zum Schutz meiner personenbezogenen Daten kontaktieren? <\/h2>\n\n\n\n<p>In allen Fragen zum Schutz Ihrer personenbezogenen Daten und zur Aus\u00fcbung der sich aus der Schutzpflicht ergebenden Rechte k\u00f6nnen Sie sich unter folgenden Kontaktdaten an uns wenden: E-Mail-Adresse: <a href=\"mailto:contact@hulukitrade.com\">contact@hulukitrade.com<\/a> Korrespondenzanschrift: <strong>HULUKI SP. Z OO ul. Wile\u0144ska 9 \u0141\u00f3d\u017a, 94-022<\/strong><\/p>\n\n\n\n<p> <\/p>\n\n\n\n<h2 class=\"wp-block-heading\">Wie funktioniert HULUKI SP. Z OO verarbeitet Ihre personenbezogenen Daten. <\/h2>\n\n\n\n<p><strong>HULUKI SP. Z OO<\/strong> verarbeitet personenbezogene Daten haupts\u00e4chlich in elektronischer Form: auf passwortgesch\u00fctzten Computern und Telefonen, einschlie\u00dflich auf einem externen Server, auf dem die Website gehostet wird <strong>hulukitrade.com <\/strong>Und <strong>Email<\/strong>. <\/p>\n\n\n\n<p><strong>HULUKI SP. Z OO<\/strong> speichert auch Daten im Formular <strong>Papier<\/strong>, um ihren angemessenen Schutz zu gew\u00e4hrleisten. Es findet keine automatisierte Entscheidungsfindung auf Grundlage der verarbeiteten personenbezogenen Daten statt. Datenempf\u00e4nger \u2013 an die HULUKI SP. Z OO vertraut Ihre personenbezogenen Daten an oder gibt sie weiter. Ihre personenbezogenen Daten k\u00f6nnen von der Stiftung auf der Grundlage der von ihr abgeschlossenen Vertr\u00e4ge an Unternehmen weitergegeben werden, die Dienstleistungen f\u00fcr HULUKI SP erbringen. Z OO IT-Dienstleistungen sowie Buchhaltungs-, Personal- und Lohnbuchhaltungsdienstleistungen. <strong>HULUKI SP. Z OO \u00fcbermittelt Ihre personenbezogenen Daten nicht an Unternehmen au\u00dferhalb des Europ\u00e4ischen Wirtschaftsraums oder an internationale Organisationen.<\/strong><\/p>\n\n\n\n<p> <\/p>\n\n\n\n<h2 class=\"wp-block-heading\">Zu welchen Zwecken und wessen Daten verarbeitet HULUKI SP? Z OO:<\/h2>\n\n\n\n<p>Angaben zu Personen, die HULUKI SP kontaktieren. Z OO Daten von Personen, die HULUKI SP kontaktieren. Z OO \u00fcber Kontaktformulare, E-Mail und Telefon, einschlie\u00dflich der Hotline, kann unter anderem Folgendes umfassen: <strong>Vorname und Nachname<\/strong>, <strong>Kontaktdetails<\/strong> Und <strong>ggf. weitere Daten, die zum Inhalt der Korrespondenz geh\u00f6ren<\/strong>. <\/p>\n\n\n\n<p>Diese Daten von HULUKI SP. Z OO verarbeitet die Daten auf der Grundlage seines berechtigten Interesses an der Korrespondenz, der Kommunikation und der Pflege von Beziehungen. Die Daten werden zu diesen Zwecken sowie zu Archivierungszwecken f\u00fcr die Dauer des Betriebs von HULUKI SP verarbeitet. Z OO Die Bereitstellung von Daten ist freiwillig. <\/p>\n\n\n\n<p>Daten der Teilnehmer von Workshops und Treffen von HULUKI SP. Z OO organisiert Veranstaltungen, bei denen die Teilnahme manchmal eine vorherige Anmeldung oder eine Teilnahmebest\u00e4tigung auf der Anwesenheitsliste erfordert. Wir verarbeiten die Daten der an unseren Veranstaltungen teilnehmenden Personen zur Durchf\u00fchrung und Abwicklung der von uns durchgef\u00fchrten Projekte. Die Daten der Teilnehmer werden f\u00fcr die Dauer des Betriebs von HULUKI SP verarbeitet. Z OO zu Abrechnungs- und Archivierungszwecken. Bei einigen Veranstaltungen bitten wir Sie um Ihr Einverst\u00e4ndnis, Ihr Bild in Form von Fotos zu verwenden. Die Einwilligung ist freiwillig. Die Fotos werden auf der Website von HULUKI SP ver\u00f6ffentlicht. Z OO und auf Social-Networking-Sites und werden ausschlie\u00dflich zur Dokumentation des Geschehens und zur F\u00f6rderung der Aktivit\u00e4ten von HULUKI SP verwendet. Z OO, w\u00e4hrend der gesamten Dauer seiner T\u00e4tigkeit.<\/p>\n\n\n\n<p> <\/p>\n\n\n\n<h2 class=\"wp-block-heading\">Daten von Mitarbeitern und Partnern von HULUKI SP. Z OO <\/h2>\n\n\n\n<p>HULUKI SP. Z OO besch\u00e4ftigt Mitarbeiter und arbeitet auf der Grundlage zivilrechtlicher Vertr\u00e4ge zusammen. Hierzu ist die f\u00fcr die Durchf\u00fchrung dieser Vertr\u00e4ge erforderliche Verarbeitung personenbezogener Daten im gesetzlich vorgesehenen Umfang erforderlich. Personenbezogene Daten werden f\u00fcr den gem\u00e4\u00df diesen Bestimmungen erforderlichen Zeitraum verarbeitet.<\/p>\n\n\n\n<p> <\/p>\n\n\n\n<h2 class=\"wp-block-heading\">Sozialen Medien <\/h2>\n\n\n\n<p>HULUKI SP. Z OO unterh\u00e4lt Profile auf sozialen Netzwerken, einschlie\u00dflich Facebook. Die Verwalter der auf diesen Websites ver\u00f6ffentlichten personenbezogenen Daten sind in der Regel diese Portale. Wenn Sie jedoch mit HULUKI SP interagieren. Z OO \u00fcber sie, z. B. durch Senden einer Nachricht oder Posten eines Kommentars HULUKI SP. Z OO wird auch zum Administrator dieser Daten (Benutzername, Foto, \u00f6ffentliches Profil und in Nachrichten und Kommentaren enthaltene Informationen).<\/p>\n\n\n\n<p> <\/p>\n\n\n\n<p>Grundlage f\u00fcr die Verarbeitung dieser personenbezogenen Daten durch die Stiftung ist ihr berechtigtes Interesse an der Kommunikation und Pflege von Beziehungen zu Personen, die unsere Profile auf sozialen Netzwerken besuchen. Rechte der betroffenen Personen Im Zusammenhang mit der Verarbeitung Ihrer personenbezogenen Daten haben Sie Folgendes Rechte: - das Recht auf Zugang zu personenbezogenen Daten und auf Erhalt einer Best\u00e4tigung durch den Administrator, ob Ihre personenbezogenen Daten verarbeitet werden, und wenn ja, auf Zugriff darauf und auf Auskunft in dem in Abschnitt angegebenen Umfang <strong>Kunst. 15 DSGVO<\/strong>; \u2013 das Recht auf Berichtigung unrichtiger oder unvollst\u00e4ndiger personenbezogener Daten; \u2013 das Recht, personenbezogene Daten in den in genannten F\u00e4llen zu l\u00f6schen <strong>Kunst. 17 DSGVO<\/strong>, das ist unter anderem wenn die personenbezogenen Daten f\u00fcr die Zwecke, f\u00fcr die sie erhoben wurden, nicht mehr erforderlich sind; \u2013 das Recht, die Verarbeitung personenbezogener Daten in den in genannten F\u00e4llen einzuschr\u00e4nken <strong>Kunst. 18 DSGVO<\/strong>, unter anderen Zweifel an der Richtigkeit Ihrer personenbezogenen Daten; \u2013 das Recht, personenbezogene Daten zu \u00fcbertragen, d. h. personenbezogene Daten vom Administrator in einem strukturierten, allgemein verwendeten und maschinenlesbaren Format zu erhalten \u2013 wenn Ihre Daten auf der Grundlage einer Einwilligung verarbeitet werden und die Verarbeitung automatisiert erfolgt. Sie k\u00f6nnen diese Daten dann an einen anderen Verantwortlichen \u00fcbermitteln oder verlangen, dass die personenbezogenen Daten vom Verantwortlichen direkt an einen anderen Verantwortlichen \u00fcbermittelt werden, sofern dies technisch m\u00f6glich ist; \u2013 das Recht, der Verarbeitung personenbezogener Daten in den in genannten F\u00e4llen zu widersprechen <strong>Kunst. 21 DSGVO;<\/strong> \u2013 das Recht, eine Beschwerde einzureichen \u2013 wenn Sie glauben, dass Ihre Rechte verletzt wurden, k\u00f6nnen Sie sich zur Kl\u00e4rung etwaiger Zweifel an uns wenden.<\/p>\n\n\n\n<p> <\/p>\n\n\n\n<p>Sie haben auch das Recht, eine Beschwerde beim Pr\u00e4sidenten des Amtes f\u00fcr den Schutz personenbezogener Daten in Warschau einzureichen.<\/p>\n\n\n\n<p> <\/p>\n\n\n\n<p>\u00c4nderungen der Datenschutzrichtlinie von HULUKI SP. Z OO beh\u00e4lt sich das Recht vor, den Inhalt dieser Datenschutzrichtlinie durch Ver\u00f6ffentlichung einer neuen Version auf der Website von HULUKI SP zu \u00e4ndern. Z OO<\/p>","protected":false},"excerpt":{"rendered":"<p>Przeczytaj uwa\u017cnie poni\u017csze informacje. Dowiesz si\u0119 w jaki spos\u00f3b przetwarzamy Twoje dane osobowe w naszej firmie. Podstawa prawna: Rozporz\u0105dzenie Parlamentu Europejskiego i Rady (UE) 2016\/679 z dnia 27 kwietnia 2016 r. w sprawie ochrony os\u00f3b fizycznych w zwi\u0105zku z przetwarzaniem danych osobowych i w sprawie swobodnego przep\u0142ywu takich danych oraz uchylenia dyrektywy 95\/46\/WE. Pami\u0119taj, \u017ce [&hellip;]<\/p>","protected":false},"author":2,"featured_media":0,"parent":0,"menu_order":0,"comment_status":"closed","ping_status":"closed","template":"page-single.php","meta":{"inline_featured_image":false,"footnotes":""},"class_list":["post-1144","page","type-page","status-publish","hentry"],"acf":[],"yoast_head":"<!-- This site is optimized with the Yoast SEO plugin v22.8 - https:\/\/yoast.com\/wordpress\/plugins\/seo\/ -->\n<title>Polityka prywatno\u015bci<\/title>\n<meta name=\"description\" content=\"Dowiesz si\u0119 w jaki spos\u00f3b przetwarzamy Twoje dane osobowe w naszej firmie.\" \/>\n<meta name=\"robots\" content=\"index, follow, max-snippet:-1, max-image-preview:large, max-video-preview:-1\" \/>\n<link rel=\"canonical\" href=\"https:\/\/hulukitrade.com\/de\/datenschutzbestimmungen\/\" \/>\n<meta property=\"og:locale\" content=\"de_DE\" \/>\n<meta property=\"og:type\" content=\"article\" \/>\n<meta property=\"og:title\" content=\"Polityka prywatno\u015bci\" \/>\n<meta property=\"og:description\" content=\"Dowiesz si\u0119 w jaki spos\u00f3b przetwarzamy Twoje dane osobowe w naszej firmie.\" \/>\n<meta property=\"og:url\" content=\"https:\/\/hulukitrade.com\/de\/datenschutzbestimmungen\/\" \/>\n<meta property=\"og:site_name\" content=\"HulukiTrade\" \/>\n<meta property=\"article:modified_time\" content=\"2024-05-20T14:05:32+00:00\" \/>\n<meta name=\"twitter:card\" content=\"summary_large_image\" \/>\n<meta name=\"twitter:label1\" content=\"Gesch\u00e4tzte Lesezeit\" \/>\n\t<meta name=\"twitter:data1\" content=\"5\u00a0Minuten\" \/>\n<script type=\"application\/ld+json\" class=\"yoast-schema-graph\">{\"@context\":\"https:\/\/schema.org\",\"@graph\":[{\"@type\":\"WebPage\",\"@id\":\"https:\/\/hulukitrade.com\/polityka-prywatnosci\/\",\"url\":\"https:\/\/hulukitrade.com\/polityka-prywatnosci\/\",\"name\":\"Polityka prywatno\u015bci\",\"isPartOf\":{\"@id\":\"https:\/\/hulukitrade.com\/#website\"},\"datePublished\":\"2024-05-20T13:53:38+00:00\",\"dateModified\":\"2024-05-20T14:05:32+00:00\",\"description\":\"Dowiesz si\u0119 w jaki spos\u00f3b przetwarzamy Twoje dane osobowe w naszej firmie.\",\"breadcrumb\":{\"@id\":\"https:\/\/hulukitrade.com\/polityka-prywatnosci\/#breadcrumb\"},\"inLanguage\":\"de\",\"potentialAction\":[{\"@type\":\"ReadAction\",\"target\":[\"https:\/\/hulukitrade.com\/polityka-prywatnosci\/\"]}]},{\"@type\":\"BreadcrumbList\",\"@id\":\"https:\/\/hulukitrade.com\/polityka-prywatnosci\/#breadcrumb\",\"itemListElement\":[{\"@type\":\"ListItem\",\"position\":1,\"name\":\"Strona g\u0142\u00f3wna\",\"item\":\"https:\/\/hulukitrade.com\/\"},{\"@type\":\"ListItem\",\"position\":2,\"name\":\"Polityka Ochrony Prywatno\u015bci (RODO)\"}]},{\"@type\":\"WebSite\",\"@id\":\"https:\/\/hulukitrade.com\/#website\",\"url\":\"https:\/\/hulukitrade.com\/\",\"name\":\"HulukiTrade\",\"description\":\"HulukiTrade\",\"publisher\":{\"@id\":\"https:\/\/hulukitrade.com\/#organization\"},\"potentialAction\":[{\"@type\":\"SearchAction\",\"target\":{\"@type\":\"EntryPoint\",\"urlTemplate\":\"https:\/\/hulukitrade.com\/?s={search_term_string}\"},\"query-input\":\"required name=search_term_string\"}],\"inLanguage\":\"de\"},{\"@type\":\"Organization\",\"@id\":\"https:\/\/hulukitrade.com\/#organization\",\"name\":\"HulukiTrade\",\"url\":\"https:\/\/hulukitrade.com\/\",\"logo\":{\"@type\":\"ImageObject\",\"inLanguage\":\"de\",\"@id\":\"https:\/\/hulukitrade.com\/#\/schema\/logo\/image\/\",\"url\":\"https:\/\/hulukitrade.com\/wp-content\/uploads\/2024\/04\/Group-12331-1.svg\",\"contentUrl\":\"https:\/\/hulukitrade.com\/wp-content\/uploads\/2024\/04\/Group-12331-1.svg\",\"width\":243,\"height\":243,\"caption\":\"HulukiTrade\"},\"image\":{\"@id\":\"https:\/\/hulukitrade.com\/#\/schema\/logo\/image\/\"}}]}<\/script>\n<!-- \/ Yoast SEO plugin. -->","yoast_head_json":{"title":"Polityka prywatno\u015bci","description":"Dowiesz si\u0119 w jaki spos\u00f3b przetwarzamy Twoje dane osobowe w naszej firmie.","robots":{"index":"index","follow":"follow","max-snippet":"max-snippet:-1","max-image-preview":"max-image-preview:large","max-video-preview":"max-video-preview:-1"},"canonical":"https:\/\/hulukitrade.com\/de\/datenschutzbestimmungen\/","og_locale":"de_DE","og_type":"article","og_title":"Polityka prywatno\u015bci","og_description":"Dowiesz si\u0119 w jaki spos\u00f3b przetwarzamy Twoje dane osobowe w naszej firmie.","og_url":"https:\/\/hulukitrade.com\/de\/datenschutzbestimmungen\/","og_site_name":"HulukiTrade","article_modified_time":"2024-05-20T14:05:32+00:00","twitter_card":"summary_large_image","twitter_misc":{"Gesch\u00e4tzte Lesezeit":"5\u00a0Minuten"},"schema":{"@context":"https:\/\/schema.org","@graph":[{"@type":"WebPage","@id":"https:\/\/hulukitrade.com\/polityka-prywatnosci\/","url":"https:\/\/hulukitrade.com\/polityka-prywatnosci\/","name":"Polityka prywatno\u015bci","isPartOf":{"@id":"https:\/\/hulukitrade.com\/#website"},"datePublished":"2024-05-20T13:53:38+00:00","dateModified":"2024-05-20T14:05:32+00:00","description":"Dowiesz si\u0119 w jaki spos\u00f3b przetwarzamy Twoje dane osobowe w naszej firmie.","breadcrumb":{"@id":"https:\/\/hulukitrade.com\/polityka-prywatnosci\/#breadcrumb"},"inLanguage":"de","potentialAction":[{"@type":"ReadAction","target":["https:\/\/hulukitrade.com\/polityka-prywatnosci\/"]}]},{"@type":"BreadcrumbList","@id":"https:\/\/hulukitrade.com\/polityka-prywatnosci\/#breadcrumb","itemListElement":[{"@type":"ListItem","position":1,"name":"Strona g\u0142\u00f3wna","item":"https:\/\/hulukitrade.com\/"},{"@type":"ListItem","position":2,"name":"Polityka Ochrony Prywatno\u015bci (RODO)"}]},{"@type":"WebSite","@id":"https:\/\/hulukitrade.com\/#website","url":"https:\/\/hulukitrade.com\/","name":"HulukiTrade","description":"HulukiTrade","publisher":{"@id":"https:\/\/hulukitrade.com\/#organization"},"potentialAction":[{"@type":"SearchAction","target":{"@type":"EntryPoint","urlTemplate":"https:\/\/hulukitrade.com\/?s={search_term_string}"},"query-input":"required name=search_term_string"}],"inLanguage":"de"},{"@type":"Organization","@id":"https:\/\/hulukitrade.com\/#organization","name":"HulukiTrade","url":"https:\/\/hulukitrade.com\/","logo":{"@type":"ImageObject","inLanguage":"de","@id":"https:\/\/hulukitrade.com\/#\/schema\/logo\/image\/","url":"https:\/\/hulukitrade.com\/wp-content\/uploads\/2024\/04\/Group-12331-1.svg","contentUrl":"https:\/\/hulukitrade.com\/wp-content\/uploads\/2024\/04\/Group-12331-1.svg","width":243,"height":243,"caption":"HulukiTrade"},"image":{"@id":"https:\/\/hulukitrade.com\/#\/schema\/logo\/image\/"}}]}},"_links":{"self":[{"href":"https:\/\/hulukitrade.com\/de\/wp-json\/wp\/v2\/pages\/1144","targetHints":{"allow":["GET"]}}],"collection":[{"href":"https:\/\/hulukitrade.com\/de\/wp-json\/wp\/v2\/pages"}],"about":[{"href":"https:\/\/hulukitrade.com\/de\/wp-json\/wp\/v2\/types\/page"}],"author":[{"embeddable":true,"href":"https:\/\/hulukitrade.com\/de\/wp-json\/wp\/v2\/users\/2"}],"replies":[{"embeddable":true,"href":"https:\/\/hulukitrade.com\/de\/wp-json\/wp\/v2\/comments?post=1144"}],"version-history":[{"count":2,"href":"https:\/\/hulukitrade.com\/de\/wp-json\/wp\/v2\/pages\/1144\/revisions"}],"predecessor-version":[{"id":1146,"href":"https:\/\/hulukitrade.com\/de\/wp-json\/wp\/v2\/pages\/1144\/revisions\/1146"}],"wp:attachment":[{"href":"https:\/\/hulukitrade.com\/de\/wp-json\/wp\/v2\/media?parent=1144"}],"curies":[{"name":"wp","href":"https:\/\/api.w.org\/{rel}","templated":true}]}}