{"id":1147,"date":"2024-05-20T16:07:22","date_gmt":"2024-05-20T14:07:22","guid":{"rendered":"https:\/\/hulukitrade.com\/?page_id=1147"},"modified":"2024-05-20T16:07:22","modified_gmt":"2024-05-20T14:07:22","slug":"polityka-plikow-cookies","status":"publish","type":"page","link":"https:\/\/hulukitrade.com\/de\/cookie-politik\/","title":{"rendered":"Cookie-Richtlinie"},"content":{"rendered":"<ol class=\"wp-block-list\">\n<li>Der Eigent\u00fcmer der Website erfasst automatisch die in Cookies enthaltenen Informationen, um Daten im Zusammenhang mit der Nutzung der Website durch den Benutzer zu sammeln. <\/li>\n\n\n\n<li>Eine Cookie-Datei ist ein kleines Textfragment, das die Website an den Browser des Kunden sendet und das der Browser bei sp\u00e4teren Besuchen der Website zur\u00fccksendet. Sie dienen haupts\u00e4chlich der Aufrechterhaltung der Sitzung, z. B. durch Generieren und Versenden einer tempor\u00e4ren Kennung nach der Anmeldung. <\/li>\n\n\n\n<li>Wir verwenden \u201eSitzungscookies\u201c, die auf dem Endger\u00e4t des Kunden gespeichert werden, bis er sich abmeldet, die Website verl\u00e4sst oder den Webbrowser ausschaltet, und \u201epermanente\u201c Cookies, die auf dem Endger\u00e4t des Kunden f\u00fcr die in den Cookie-Parametern angegebene Zeit gespeichert werden bis sie vom Kunden gel\u00f6scht werden. <\/li>\n\n\n\n<li>Cookies passen diese Website an die Bed\u00fcrfnisse unserer Videospieldienste an und optimieren sie. Dar\u00fcber hinaus umfassen sie Aktivit\u00e4ten wie die Erstellung von Statistiken \u00fcber Website-Aufrufe und die Gew\u00e4hrleistung der Website-Sicherheit. <\/li>\n\n\n\n<li>Cookies sind auch erforderlich, um die Sitzung des Kunden aufrechtzuerhalten, nachdem er die Website verlassen hat. <\/li>\n\n\n\n<li>Der Administrator verarbeitet die in Cookies enthaltenen Daten jedes Mal, wenn Besucher die Website besuchen, zu folgenden Zwecken: - Optimierung der Nutzung der Website, - Identifizierung von Serviceempf\u00e4ngern als aktuell aktive Benutzer der Website, - Anpassung, Grafiken, Auswahloptionen usw sonstige Inhalte der Website, abh\u00e4ngig von den individuellen Vorlieben des Servicenutzers; \u2013 Merken automatisch und manuell ausgef\u00fcllter Daten aus Formularen, \u2013 Sammeln und Analysieren anonymer Statistiken, die zeigen, wie die Website im Serververwaltungspanel und im Google Analytics-Dienst genutzt wird, \u2013 Erstellen von Remarketing-Listen basierend auf Informationen \u00fcber Pr\u00e4ferenzen, Verhalten und Interessen der Website und das Sammeln demografischer Daten und das anschlie\u00dfende Bereitstellen dieser Listen in den Google AdWords- und Facebook Ads-Diensten. \u2013 Erstellen von Datensegmenten basierend auf demografischen Informationen, Interessen und Pr\u00e4ferenzen basierend auf den von Ihnen getroffenen Entscheidungen, \u2013 Verwenden von demografischen Daten und Interessendaten in Analytics-Berichten. <\/li>\n\n\n\n<li>Sie k\u00f6nnen die Erfassung von Cookies jederzeit \u00fcber Ihren Webbrowser vollst\u00e4ndig blockieren und l\u00f6schen.<\/li>\n\n\n\n<li>Das Blockieren der M\u00f6glichkeit, Cookies auf Ihrem Ger\u00e4t zu sammeln, kann es f\u00fcr Sie schwierig oder unm\u00f6glich machen, einige der Funktionen dieser Website zu nutzen, aber Sie m\u00fcssen sich in einer solchen Situation dieser Einschr\u00e4nkungen bewusst sein. <\/li>\n\n\n\n<li>Wenn Sie mit der Speicherung von Cookies zu dem oben beschriebenen Zweck nicht einverstanden sind, k\u00f6nnen Sie diese jederzeit in den Einstellungen Ihres Internetbrowsers manuell l\u00f6schen. <\/li>\n\n\n\n<li>Weitere Informationen zu Cookies finden Sie im Hilfemen\u00fc jedes Webbrowsers.<\/li>\n<\/ol>","protected":false},"excerpt":{"rendered":"","protected":false},"author":2,"featured_media":0,"parent":0,"menu_order":0,"comment_status":"closed","ping_status":"closed","template":"page-single.php","meta":{"inline_featured_image":false,"footnotes":""},"class_list":["post-1147","page","type-page","status-publish","hentry"],"acf":[],"yoast_head":"<!-- This site is optimized with the Yoast SEO plugin v22.8 - https:\/\/yoast.com\/wordpress\/plugins\/seo\/ -->\n<title>Polityka plik\u00f3w cookies<\/title>\n<meta name=\"description\" content=\"Dowiesz si\u0119 w jaki spos\u00f3b przetwarzamy Twoje dane osobowe w naszej firmie.\" \/>\n<meta name=\"robots\" content=\"index, follow, max-snippet:-1, max-image-preview:large, max-video-preview:-1\" \/>\n<link rel=\"canonical\" href=\"https:\/\/hulukitrade.com\/de\/cookie-politik\/\" \/>\n<meta property=\"og:locale\" content=\"de_DE\" \/>\n<meta property=\"og:type\" content=\"article\" \/>\n<meta property=\"og:title\" content=\"Polityka plik\u00f3w cookies\" \/>\n<meta property=\"og:description\" content=\"Dowiesz si\u0119 w jaki spos\u00f3b przetwarzamy Twoje dane osobowe w naszej firmie.\" \/>\n<meta property=\"og:url\" content=\"https:\/\/hulukitrade.com\/de\/cookie-politik\/\" \/>\n<meta property=\"og:site_name\" content=\"HulukiTrade\" \/>\n<meta name=\"twitter:card\" content=\"summary_large_image\" \/>\n<meta name=\"twitter:label1\" content=\"Gesch\u00e4tzte Lesezeit\" \/>\n\t<meta name=\"twitter:data1\" content=\"2\u00a0Minuten\" \/>\n<script type=\"application\/ld+json\" class=\"yoast-schema-graph\">{\"@context\":\"https:\/\/schema.org\",\"@graph\":[{\"@type\":\"WebPage\",\"@id\":\"https:\/\/hulukitrade.com\/polityka-plikow-cookies\/\",\"url\":\"https:\/\/hulukitrade.com\/polityka-plikow-cookies\/\",\"name\":\"Polityka plik\u00f3w cookies\",\"isPartOf\":{\"@id\":\"https:\/\/hulukitrade.com\/#website\"},\"datePublished\":\"2024-05-20T14:07:22+00:00\",\"dateModified\":\"2024-05-20T14:07:22+00:00\",\"description\":\"Dowiesz si\u0119 w jaki spos\u00f3b przetwarzamy Twoje dane osobowe w naszej firmie.\",\"breadcrumb\":{\"@id\":\"https:\/\/hulukitrade.com\/polityka-plikow-cookies\/#breadcrumb\"},\"inLanguage\":\"de\",\"potentialAction\":[{\"@type\":\"ReadAction\",\"target\":[\"https:\/\/hulukitrade.com\/polityka-plikow-cookies\/\"]}]},{\"@type\":\"BreadcrumbList\",\"@id\":\"https:\/\/hulukitrade.com\/polityka-plikow-cookies\/#breadcrumb\",\"itemListElement\":[{\"@type\":\"ListItem\",\"position\":1,\"name\":\"Strona g\u0142\u00f3wna\",\"item\":\"https:\/\/hulukitrade.com\/\"},{\"@type\":\"ListItem\",\"position\":2,\"name\":\"Polityka plik\u00f3w cookies\"}]},{\"@type\":\"WebSite\",\"@id\":\"https:\/\/hulukitrade.com\/#website\",\"url\":\"https:\/\/hulukitrade.com\/\",\"name\":\"HulukiTrade\",\"description\":\"HulukiTrade\",\"publisher\":{\"@id\":\"https:\/\/hulukitrade.com\/#organization\"},\"potentialAction\":[{\"@type\":\"SearchAction\",\"target\":{\"@type\":\"EntryPoint\",\"urlTemplate\":\"https:\/\/hulukitrade.com\/?s={search_term_string}\"},\"query-input\":\"required name=search_term_string\"}],\"inLanguage\":\"de\"},{\"@type\":\"Organization\",\"@id\":\"https:\/\/hulukitrade.com\/#organization\",\"name\":\"HulukiTrade\",\"url\":\"https:\/\/hulukitrade.com\/\",\"logo\":{\"@type\":\"ImageObject\",\"inLanguage\":\"de\",\"@id\":\"https:\/\/hulukitrade.com\/#\/schema\/logo\/image\/\",\"url\":\"https:\/\/hulukitrade.com\/wp-content\/uploads\/2024\/04\/Group-12331-1.svg\",\"contentUrl\":\"https:\/\/hulukitrade.com\/wp-content\/uploads\/2024\/04\/Group-12331-1.svg\",\"width\":243,\"height\":243,\"caption\":\"HulukiTrade\"},\"image\":{\"@id\":\"https:\/\/hulukitrade.com\/#\/schema\/logo\/image\/\"}}]}<\/script>\n<!-- \/ Yoast SEO plugin. -->","yoast_head_json":{"title":"Polityka plik\u00f3w cookies","description":"Dowiesz si\u0119 w jaki spos\u00f3b przetwarzamy Twoje dane osobowe w naszej firmie.","robots":{"index":"index","follow":"follow","max-snippet":"max-snippet:-1","max-image-preview":"max-image-preview:large","max-video-preview":"max-video-preview:-1"},"canonical":"https:\/\/hulukitrade.com\/de\/cookie-politik\/","og_locale":"de_DE","og_type":"article","og_title":"Polityka plik\u00f3w cookies","og_description":"Dowiesz si\u0119 w jaki spos\u00f3b przetwarzamy Twoje dane osobowe w naszej firmie.","og_url":"https:\/\/hulukitrade.com\/de\/cookie-politik\/","og_site_name":"HulukiTrade","twitter_card":"summary_large_image","twitter_misc":{"Gesch\u00e4tzte Lesezeit":"2\u00a0Minuten"},"schema":{"@context":"https:\/\/schema.org","@graph":[{"@type":"WebPage","@id":"https:\/\/hulukitrade.com\/polityka-plikow-cookies\/","url":"https:\/\/hulukitrade.com\/polityka-plikow-cookies\/","name":"Polityka plik\u00f3w cookies","isPartOf":{"@id":"https:\/\/hulukitrade.com\/#website"},"datePublished":"2024-05-20T14:07:22+00:00","dateModified":"2024-05-20T14:07:22+00:00","description":"Dowiesz si\u0119 w jaki spos\u00f3b przetwarzamy Twoje dane osobowe w naszej firmie.","breadcrumb":{"@id":"https:\/\/hulukitrade.com\/polityka-plikow-cookies\/#breadcrumb"},"inLanguage":"de","potentialAction":[{"@type":"ReadAction","target":["https:\/\/hulukitrade.com\/polityka-plikow-cookies\/"]}]},{"@type":"BreadcrumbList","@id":"https:\/\/hulukitrade.com\/polityka-plikow-cookies\/#breadcrumb","itemListElement":[{"@type":"ListItem","position":1,"name":"Strona g\u0142\u00f3wna","item":"https:\/\/hulukitrade.com\/"},{"@type":"ListItem","position":2,"name":"Polityka plik\u00f3w cookies"}]},{"@type":"WebSite","@id":"https:\/\/hulukitrade.com\/#website","url":"https:\/\/hulukitrade.com\/","name":"HulukiTrade","description":"HulukiTrade","publisher":{"@id":"https:\/\/hulukitrade.com\/#organization"},"potentialAction":[{"@type":"SearchAction","target":{"@type":"EntryPoint","urlTemplate":"https:\/\/hulukitrade.com\/?s={search_term_string}"},"query-input":"required name=search_term_string"}],"inLanguage":"de"},{"@type":"Organization","@id":"https:\/\/hulukitrade.com\/#organization","name":"HulukiTrade","url":"https:\/\/hulukitrade.com\/","logo":{"@type":"ImageObject","inLanguage":"de","@id":"https:\/\/hulukitrade.com\/#\/schema\/logo\/image\/","url":"https:\/\/hulukitrade.com\/wp-content\/uploads\/2024\/04\/Group-12331-1.svg","contentUrl":"https:\/\/hulukitrade.com\/wp-content\/uploads\/2024\/04\/Group-12331-1.svg","width":243,"height":243,"caption":"HulukiTrade"},"image":{"@id":"https:\/\/hulukitrade.com\/#\/schema\/logo\/image\/"}}]}},"_links":{"self":[{"href":"https:\/\/hulukitrade.com\/de\/wp-json\/wp\/v2\/pages\/1147","targetHints":{"allow":["GET"]}}],"collection":[{"href":"https:\/\/hulukitrade.com\/de\/wp-json\/wp\/v2\/pages"}],"about":[{"href":"https:\/\/hulukitrade.com\/de\/wp-json\/wp\/v2\/types\/page"}],"author":[{"embeddable":true,"href":"https:\/\/hulukitrade.com\/de\/wp-json\/wp\/v2\/users\/2"}],"replies":[{"embeddable":true,"href":"https:\/\/hulukitrade.com\/de\/wp-json\/wp\/v2\/comments?post=1147"}],"version-history":[{"count":2,"href":"https:\/\/hulukitrade.com\/de\/wp-json\/wp\/v2\/pages\/1147\/revisions"}],"predecessor-version":[{"id":1149,"href":"https:\/\/hulukitrade.com\/de\/wp-json\/wp\/v2\/pages\/1147\/revisions\/1149"}],"wp:attachment":[{"href":"https:\/\/hulukitrade.com\/de\/wp-json\/wp\/v2\/media?parent=1147"}],"curies":[{"name":"wp","href":"https:\/\/api.w.org\/{rel}","templated":true}]}}