{"id":14,"date":"2024-01-29T21:18:27","date_gmt":"2024-01-29T20:18:27","guid":{"rendered":"https:\/\/dev.unlimitech.pl\/?page_id=14"},"modified":"2024-06-11T12:43:36","modified_gmt":"2024-06-11T10:43:36","slug":"o-nas","status":"publish","type":"page","link":"https:\/\/hulukitrade.com\/de\/uber-uns\/","title":{"rendered":"\u00dcber uns"},"content":{"rendered":"","protected":false},"excerpt":{"rendered":"","protected":false},"author":3,"featured_media":0,"parent":0,"menu_order":0,"comment_status":"closed","ping_status":"closed","template":"page-about.php","meta":{"inline_featured_image":false,"footnotes":""},"class_list":["post-14","page","type-page","status-publish","hentry"],"acf":[],"yoast_head":"<!-- This site is optimized with the Yoast SEO plugin v22.8 - https:\/\/yoast.com\/wordpress\/plugins\/seo\/ -->\n<title>O nas<\/title>\n<meta name=\"description\" content=\"Huluki Trade, to zesp\u00f3\u0142 ekspert\u00f3w e-commerce oraz eksporter\u00f3w mody, kt\u00f3rych misj\u0105 jest internacjonalizacja marek.\" \/>\n<meta name=\"robots\" content=\"index, follow, max-snippet:-1, max-image-preview:large, max-video-preview:-1\" \/>\n<link rel=\"canonical\" href=\"https:\/\/hulukitrade.com\/de\/uber-uns\/\" \/>\n<meta property=\"og:locale\" content=\"de_DE\" \/>\n<meta property=\"og:type\" content=\"article\" \/>\n<meta property=\"og:title\" content=\"O nas\" \/>\n<meta property=\"og:description\" content=\"Huluki Trade, to zesp\u00f3\u0142 ekspert\u00f3w e-commerce oraz eksporter\u00f3w mody, kt\u00f3rych misj\u0105 jest internacjonalizacja marek.\" \/>\n<meta property=\"og:url\" content=\"https:\/\/hulukitrade.com\/de\/uber-uns\/\" \/>\n<meta property=\"og:site_name\" content=\"HulukiTrade\" \/>\n<meta property=\"article:modified_time\" content=\"2024-06-11T10:43:36+00:00\" \/>\n<meta name=\"twitter:card\" content=\"summary_large_image\" \/>\n<script type=\"application\/ld+json\" class=\"yoast-schema-graph\">{\"@context\":\"https:\/\/schema.org\",\"@graph\":[{\"@type\":\"WebPage\",\"@id\":\"https:\/\/hulukitrade.com\/o-nas\/\",\"url\":\"https:\/\/hulukitrade.com\/o-nas\/\",\"name\":\"O nas\",\"isPartOf\":{\"@id\":\"https:\/\/hulukitrade.com\/#website\"},\"datePublished\":\"2024-01-29T20:18:27+00:00\",\"dateModified\":\"2024-06-11T10:43:36+00:00\",\"description\":\"Huluki Trade, to zesp\u00f3\u0142 ekspert\u00f3w e-commerce oraz eksporter\u00f3w mody, kt\u00f3rych misj\u0105 jest internacjonalizacja marek.\",\"breadcrumb\":{\"@id\":\"https:\/\/hulukitrade.com\/o-nas\/#breadcrumb\"},\"inLanguage\":\"de\",\"potentialAction\":[{\"@type\":\"ReadAction\",\"target\":[\"https:\/\/hulukitrade.com\/o-nas\/\"]}]},{\"@type\":\"BreadcrumbList\",\"@id\":\"https:\/\/hulukitrade.com\/o-nas\/#breadcrumb\",\"itemListElement\":[{\"@type\":\"ListItem\",\"position\":1,\"name\":\"Strona g\u0142\u00f3wna\",\"item\":\"https:\/\/hulukitrade.com\/\"},{\"@type\":\"ListItem\",\"position\":2,\"name\":\"O nas\"}]},{\"@type\":\"WebSite\",\"@id\":\"https:\/\/hulukitrade.com\/#website\",\"url\":\"https:\/\/hulukitrade.com\/\",\"name\":\"HulukiTrade\",\"description\":\"HulukiTrade\",\"publisher\":{\"@id\":\"https:\/\/hulukitrade.com\/#organization\"},\"potentialAction\":[{\"@type\":\"SearchAction\",\"target\":{\"@type\":\"EntryPoint\",\"urlTemplate\":\"https:\/\/hulukitrade.com\/?s={search_term_string}\"},\"query-input\":\"required name=search_term_string\"}],\"inLanguage\":\"de\"},{\"@type\":\"Organization\",\"@id\":\"https:\/\/hulukitrade.com\/#organization\",\"name\":\"HulukiTrade\",\"url\":\"https:\/\/hulukitrade.com\/\",\"logo\":{\"@type\":\"ImageObject\",\"inLanguage\":\"de\",\"@id\":\"https:\/\/hulukitrade.com\/#\/schema\/logo\/image\/\",\"url\":\"https:\/\/hulukitrade.com\/wp-content\/uploads\/2024\/04\/Group-12331-1.svg\",\"contentUrl\":\"https:\/\/hulukitrade.com\/wp-content\/uploads\/2024\/04\/Group-12331-1.svg\",\"width\":243,\"height\":243,\"caption\":\"HulukiTrade\"},\"image\":{\"@id\":\"https:\/\/hulukitrade.com\/#\/schema\/logo\/image\/\"}}]}<\/script>\n<!-- \/ Yoast SEO plugin. -->","yoast_head_json":{"title":"O nas","description":"Huluki Trade, to zesp\u00f3\u0142 ekspert\u00f3w e-commerce oraz eksporter\u00f3w mody, kt\u00f3rych misj\u0105 jest internacjonalizacja marek.","robots":{"index":"index","follow":"follow","max-snippet":"max-snippet:-1","max-image-preview":"max-image-preview:large","max-video-preview":"max-video-preview:-1"},"canonical":"https:\/\/hulukitrade.com\/de\/uber-uns\/","og_locale":"de_DE","og_type":"article","og_title":"O nas","og_description":"Huluki Trade, to zesp\u00f3\u0142 ekspert\u00f3w e-commerce oraz eksporter\u00f3w mody, kt\u00f3rych misj\u0105 jest internacjonalizacja marek.","og_url":"https:\/\/hulukitrade.com\/de\/uber-uns\/","og_site_name":"HulukiTrade","article_modified_time":"2024-06-11T10:43:36+00:00","twitter_card":"summary_large_image","schema":{"@context":"https:\/\/schema.org","@graph":[{"@type":"WebPage","@id":"https:\/\/hulukitrade.com\/o-nas\/","url":"https:\/\/hulukitrade.com\/o-nas\/","name":"O nas","isPartOf":{"@id":"https:\/\/hulukitrade.com\/#website"},"datePublished":"2024-01-29T20:18:27+00:00","dateModified":"2024-06-11T10:43:36+00:00","description":"Huluki Trade, to zesp\u00f3\u0142 ekspert\u00f3w e-commerce oraz eksporter\u00f3w mody, kt\u00f3rych misj\u0105 jest internacjonalizacja marek.","breadcrumb":{"@id":"https:\/\/hulukitrade.com\/o-nas\/#breadcrumb"},"inLanguage":"de","potentialAction":[{"@type":"ReadAction","target":["https:\/\/hulukitrade.com\/o-nas\/"]}]},{"@type":"BreadcrumbList","@id":"https:\/\/hulukitrade.com\/o-nas\/#breadcrumb","itemListElement":[{"@type":"ListItem","position":1,"name":"Strona g\u0142\u00f3wna","item":"https:\/\/hulukitrade.com\/"},{"@type":"ListItem","position":2,"name":"O nas"}]},{"@type":"WebSite","@id":"https:\/\/hulukitrade.com\/#website","url":"https:\/\/hulukitrade.com\/","name":"HulukiTrade","description":"HulukiTrade","publisher":{"@id":"https:\/\/hulukitrade.com\/#organization"},"potentialAction":[{"@type":"SearchAction","target":{"@type":"EntryPoint","urlTemplate":"https:\/\/hulukitrade.com\/?s={search_term_string}"},"query-input":"required name=search_term_string"}],"inLanguage":"de"},{"@type":"Organization","@id":"https:\/\/hulukitrade.com\/#organization","name":"HulukiTrade","url":"https:\/\/hulukitrade.com\/","logo":{"@type":"ImageObject","inLanguage":"de","@id":"https:\/\/hulukitrade.com\/#\/schema\/logo\/image\/","url":"https:\/\/hulukitrade.com\/wp-content\/uploads\/2024\/04\/Group-12331-1.svg","contentUrl":"https:\/\/hulukitrade.com\/wp-content\/uploads\/2024\/04\/Group-12331-1.svg","width":243,"height":243,"caption":"HulukiTrade"},"image":{"@id":"https:\/\/hulukitrade.com\/#\/schema\/logo\/image\/"}}]}},"_links":{"self":[{"href":"https:\/\/hulukitrade.com\/de\/wp-json\/wp\/v2\/pages\/14","targetHints":{"allow":["GET"]}}],"collection":[{"href":"https:\/\/hulukitrade.com\/de\/wp-json\/wp\/v2\/pages"}],"about":[{"href":"https:\/\/hulukitrade.com\/de\/wp-json\/wp\/v2\/types\/page"}],"author":[{"embeddable":true,"href":"https:\/\/hulukitrade.com\/de\/wp-json\/wp\/v2\/users\/3"}],"replies":[{"embeddable":true,"href":"https:\/\/hulukitrade.com\/de\/wp-json\/wp\/v2\/comments?post=14"}],"version-history":[{"count":31,"href":"https:\/\/hulukitrade.com\/de\/wp-json\/wp\/v2\/pages\/14\/revisions"}],"predecessor-version":[{"id":1178,"href":"https:\/\/hulukitrade.com\/de\/wp-json\/wp\/v2\/pages\/14\/revisions\/1178"}],"wp:attachment":[{"href":"https:\/\/hulukitrade.com\/de\/wp-json\/wp\/v2\/media?parent=14"}],"curies":[{"name":"wp","href":"https:\/\/api.w.org\/{rel}","templated":true}]}}