{"id":8,"date":"2024-01-28T11:01:32","date_gmt":"2024-01-28T10:01:32","guid":{"rendered":"https:\/\/dev.unlimitech.pl\/?page_id=8"},"modified":"2024-06-13T14:14:24","modified_gmt":"2024-06-13T12:14:24","slug":"strona-glowa","status":"publish","type":"page","link":"https:\/\/hulukitrade.com\/de\/","title":{"rendered":"Strona g\u0142\u00f3wa"},"content":{"rendered":"","protected":false},"excerpt":{"rendered":"","protected":false},"author":3,"featured_media":0,"parent":0,"menu_order":0,"comment_status":"closed","ping_status":"closed","template":"page-home.php","meta":{"inline_featured_image":false,"footnotes":""},"class_list":["post-8","page","type-page","status-publish","hentry"],"acf":[],"yoast_head":"<!-- This site is optimized with the Yoast SEO plugin v22.8 - https:\/\/yoast.com\/wordpress\/plugins\/seo\/ -->\n<title>Huluki Trade<\/title>\n<meta name=\"description\" content=\"Si\u0142a nap\u0119dowa Twojego biznesu Nasze kompleksowe rozwi\u0105zania umo\u017cliwi\u0105 rozw\u00f3j Twojej firmy dzi\u0119ki szerokiej dystrybucji, bezproblemowej integracji i silnej logistyce.\" \/>\n<meta name=\"robots\" content=\"index, follow, max-snippet:-1, max-image-preview:large, max-video-preview:-1\" \/>\n<link rel=\"canonical\" href=\"https:\/\/hulukitrade.com\/de\/\" \/>\n<meta property=\"og:locale\" content=\"de_DE\" \/>\n<meta property=\"og:type\" content=\"article\" \/>\n<meta property=\"og:title\" content=\"Huluki Trade\" \/>\n<meta property=\"og:description\" content=\"Si\u0142a nap\u0119dowa Twojego biznesu Nasze kompleksowe rozwi\u0105zania umo\u017cliwi\u0105 rozw\u00f3j Twojej firmy dzi\u0119ki szerokiej dystrybucji, bezproblemowej integracji i silnej logistyce.\" \/>\n<meta property=\"og:url\" content=\"https:\/\/hulukitrade.com\/de\/\" \/>\n<meta property=\"og:site_name\" content=\"HulukiTrade\" \/>\n<meta property=\"article:modified_time\" content=\"2024-06-13T12:14:24+00:00\" \/>\n<meta name=\"twitter:card\" content=\"summary_large_image\" \/>\n<script type=\"application\/ld+json\" class=\"yoast-schema-graph\">{\"@context\":\"https:\/\/schema.org\",\"@graph\":[{\"@type\":\"WebPage\",\"@id\":\"https:\/\/hulukitrade.com\/\",\"url\":\"https:\/\/hulukitrade.com\/\",\"name\":\"Huluki Trade\",\"isPartOf\":{\"@id\":\"https:\/\/hulukitrade.com\/#website\"},\"datePublished\":\"2024-01-28T10:01:32+00:00\",\"dateModified\":\"2024-06-13T12:14:24+00:00\",\"description\":\"Si\u0142a nap\u0119dowa Twojego biznesu Nasze kompleksowe rozwi\u0105zania umo\u017cliwi\u0105 rozw\u00f3j Twojej firmy dzi\u0119ki szerokiej dystrybucji, bezproblemowej integracji i silnej logistyce.\",\"breadcrumb\":{\"@id\":\"https:\/\/hulukitrade.com\/#breadcrumb\"},\"inLanguage\":\"de\",\"potentialAction\":[{\"@type\":\"ReadAction\",\"target\":[\"https:\/\/hulukitrade.com\/\"]}]},{\"@type\":\"BreadcrumbList\",\"@id\":\"https:\/\/hulukitrade.com\/#breadcrumb\",\"itemListElement\":[{\"@type\":\"ListItem\",\"position\":1,\"name\":\"Strona g\u0142\u00f3wna\",\"item\":\"https:\/\/hulukitrade.com\/\"},{\"@type\":\"ListItem\",\"position\":2,\"name\":\"Strona g\u0142\u00f3wa\"}]},{\"@type\":\"WebSite\",\"@id\":\"https:\/\/hulukitrade.com\/#website\",\"url\":\"https:\/\/hulukitrade.com\/\",\"name\":\"HulukiTrade\",\"description\":\"HulukiTrade\",\"publisher\":{\"@id\":\"https:\/\/hulukitrade.com\/#organization\"},\"potentialAction\":[{\"@type\":\"SearchAction\",\"target\":{\"@type\":\"EntryPoint\",\"urlTemplate\":\"https:\/\/hulukitrade.com\/?s={search_term_string}\"},\"query-input\":\"required name=search_term_string\"}],\"inLanguage\":\"de\"},{\"@type\":\"Organization\",\"@id\":\"https:\/\/hulukitrade.com\/#organization\",\"name\":\"HulukiTrade\",\"url\":\"https:\/\/hulukitrade.com\/\",\"logo\":{\"@type\":\"ImageObject\",\"inLanguage\":\"de\",\"@id\":\"https:\/\/hulukitrade.com\/#\/schema\/logo\/image\/\",\"url\":\"https:\/\/hulukitrade.com\/wp-content\/uploads\/2024\/04\/Group-12331-1.svg\",\"contentUrl\":\"https:\/\/hulukitrade.com\/wp-content\/uploads\/2024\/04\/Group-12331-1.svg\",\"width\":243,\"height\":243,\"caption\":\"HulukiTrade\"},\"image\":{\"@id\":\"https:\/\/hulukitrade.com\/#\/schema\/logo\/image\/\"}}]}<\/script>\n<!-- \/ Yoast SEO plugin. -->","yoast_head_json":{"title":"Huluki Trade","description":"Si\u0142a nap\u0119dowa Twojego biznesu Nasze kompleksowe rozwi\u0105zania umo\u017cliwi\u0105 rozw\u00f3j Twojej firmy dzi\u0119ki szerokiej dystrybucji, bezproblemowej integracji i silnej logistyce.","robots":{"index":"index","follow":"follow","max-snippet":"max-snippet:-1","max-image-preview":"max-image-preview:large","max-video-preview":"max-video-preview:-1"},"canonical":"https:\/\/hulukitrade.com\/de\/","og_locale":"de_DE","og_type":"article","og_title":"Huluki Trade","og_description":"Si\u0142a nap\u0119dowa Twojego biznesu Nasze kompleksowe rozwi\u0105zania umo\u017cliwi\u0105 rozw\u00f3j Twojej firmy dzi\u0119ki szerokiej dystrybucji, bezproblemowej integracji i silnej logistyce.","og_url":"https:\/\/hulukitrade.com\/de\/","og_site_name":"HulukiTrade","article_modified_time":"2024-06-13T12:14:24+00:00","twitter_card":"summary_large_image","schema":{"@context":"https:\/\/schema.org","@graph":[{"@type":"WebPage","@id":"https:\/\/hulukitrade.com\/","url":"https:\/\/hulukitrade.com\/","name":"Huluki Trade","isPartOf":{"@id":"https:\/\/hulukitrade.com\/#website"},"datePublished":"2024-01-28T10:01:32+00:00","dateModified":"2024-06-13T12:14:24+00:00","description":"Si\u0142a nap\u0119dowa Twojego biznesu Nasze kompleksowe rozwi\u0105zania umo\u017cliwi\u0105 rozw\u00f3j Twojej firmy dzi\u0119ki szerokiej dystrybucji, bezproblemowej integracji i silnej logistyce.","breadcrumb":{"@id":"https:\/\/hulukitrade.com\/#breadcrumb"},"inLanguage":"de","potentialAction":[{"@type":"ReadAction","target":["https:\/\/hulukitrade.com\/"]}]},{"@type":"BreadcrumbList","@id":"https:\/\/hulukitrade.com\/#breadcrumb","itemListElement":[{"@type":"ListItem","position":1,"name":"Strona g\u0142\u00f3wna","item":"https:\/\/hulukitrade.com\/"},{"@type":"ListItem","position":2,"name":"Strona g\u0142\u00f3wa"}]},{"@type":"WebSite","@id":"https:\/\/hulukitrade.com\/#website","url":"https:\/\/hulukitrade.com\/","name":"HulukiTrade","description":"HulukiTrade","publisher":{"@id":"https:\/\/hulukitrade.com\/#organization"},"potentialAction":[{"@type":"SearchAction","target":{"@type":"EntryPoint","urlTemplate":"https:\/\/hulukitrade.com\/?s={search_term_string}"},"query-input":"required name=search_term_string"}],"inLanguage":"de"},{"@type":"Organization","@id":"https:\/\/hulukitrade.com\/#organization","name":"HulukiTrade","url":"https:\/\/hulukitrade.com\/","logo":{"@type":"ImageObject","inLanguage":"de","@id":"https:\/\/hulukitrade.com\/#\/schema\/logo\/image\/","url":"https:\/\/hulukitrade.com\/wp-content\/uploads\/2024\/04\/Group-12331-1.svg","contentUrl":"https:\/\/hulukitrade.com\/wp-content\/uploads\/2024\/04\/Group-12331-1.svg","width":243,"height":243,"caption":"HulukiTrade"},"image":{"@id":"https:\/\/hulukitrade.com\/#\/schema\/logo\/image\/"}}]}},"_links":{"self":[{"href":"https:\/\/hulukitrade.com\/de\/wp-json\/wp\/v2\/pages\/8","targetHints":{"allow":["GET"]}}],"collection":[{"href":"https:\/\/hulukitrade.com\/de\/wp-json\/wp\/v2\/pages"}],"about":[{"href":"https:\/\/hulukitrade.com\/de\/wp-json\/wp\/v2\/types\/page"}],"author":[{"embeddable":true,"href":"https:\/\/hulukitrade.com\/de\/wp-json\/wp\/v2\/users\/3"}],"replies":[{"embeddable":true,"href":"https:\/\/hulukitrade.com\/de\/wp-json\/wp\/v2\/comments?post=8"}],"version-history":[{"count":153,"href":"https:\/\/hulukitrade.com\/de\/wp-json\/wp\/v2\/pages\/8\/revisions"}],"predecessor-version":[{"id":1222,"href":"https:\/\/hulukitrade.com\/de\/wp-json\/wp\/v2\/pages\/8\/revisions\/1222"}],"wp:attachment":[{"href":"https:\/\/hulukitrade.com\/de\/wp-json\/wp\/v2\/media?parent=8"}],"curies":[{"name":"wp","href":"https:\/\/api.w.org\/{rel}","templated":true}]}}