{"id":1144,"date":"2024-05-20T15:53:38","date_gmt":"2024-05-20T13:53:38","guid":{"rendered":"https:\/\/hulukitrade.com\/?page_id=1144"},"modified":"2024-05-20T16:05:32","modified_gmt":"2024-05-20T14:05:32","slug":"polityka-prywatnosci","status":"publish","type":"page","link":"https:\/\/hulukitrade.com\/en\/privacy-policy\/","title":{"rendered":"Privacy Policy (GDPR)"},"content":{"rendered":"<h2 class=\"wp-block-heading\">Please read the information below carefully. <\/h2>\n\n\n\n<p>You will learn how we process your personal data in our company. <\/p>\n\n\n\n<p>Legal basis: Regulation (EU) 2016\/679 of the European Parliament and of the Council of 27 April 2016 on the protection of natural persons with regard to the processing of personal data and on the free movement of such data, and repealing Directive 95\/46\/EC. <\/p>\n\n\n\n<p><strong>Remember that providing your personal data is voluntary. If you do not agree to providing your data, we may ask you to leave this website, then your data will not be processed. <\/strong><\/p>\n\n\n\n<p> <\/p>\n\n\n\n<h2 class=\"wp-block-heading\">Who is the administrator of your personal data? <\/h2>\n\n\n\n<p>The administrator of your personal data is <strong>HULUKI SP. Z OO with its registered office in \u0141\u00f3d\u017a at ul. Wile\u0144ska 9 (hereinafter referred to as &quot;We&quot; or HULUKI SP. Z OO)<\/strong> operator of the website available at <strong>hulukitrade.com (hereinafter hulukitrade.com)<\/strong>.<\/p>\n\n\n\n<p> <\/p>\n\n\n\n<h2 class=\"wp-block-heading\">How can I contact you regarding matters relating to the protection of my personal data? <\/h2>\n\n\n\n<p>In all matters relating to the protection of your personal data and the exercise of rights arising from the obligation to protect them, you can contact us at the following details: E-mail address: <a href=\"mailto:contact@hulukitrade.com\">contact@hulukitrade.com<\/a> Address for correspondence: <strong>HULUKI SP. Z OO ul. Wile\u0144ska 9 \u0141\u00f3d\u017a, 94-022<\/strong><\/p>\n\n\n\n<p> <\/p>\n\n\n\n<h2 class=\"wp-block-heading\">How does HULUKI SP. Z OO processes your personal data. <\/h2>\n\n\n\n<p><strong>HULUKI SP. Z OO<\/strong> processes personal data primarily in electronic form: on password-protected computers and telephones, including on an external server hosting the website <strong>hulukitrade.com <\/strong>and <strong>e-mail<\/strong>. <\/p>\n\n\n\n<p><strong>HULUKI SP. Z OO<\/strong> also stores data in the form <strong>paper<\/strong>, ensuring their proper protection. There is no automated decision-making based on the processed personal data. Data recipients - to whom HULUKI SP. Z OO entrusts or shares your personal data Your personal data may be disclosed by the Foundation on the basis of contracts concluded by it to entities that provide services to HULUKI SP. Z OO IT services as well as accounting, HR and payroll services. <strong>HULUKI SP. Z OO does not transfer your personal data to entities outside the European Economic Area or to international organizations.<\/strong><\/p>\n\n\n\n<p> <\/p>\n\n\n\n<h2 class=\"wp-block-heading\">For what purposes and whose data HULUKI SP. Z OO process<\/h2>\n\n\n\n<p>Details of persons contacting HULUKI SP. Z OO Data of persons who contact HULUKI SP. Z OO via contact forms, e-mail and telephone, including the hotline, may include, among others: <strong>first name and last name<\/strong>, <strong>contact details<\/strong> and <strong>possibly other data included in the content of the correspondence<\/strong>. <\/p>\n\n\n\n<p>These data of HULUKI SP. Z OO processes on the basis of its legitimate interest in conducting correspondence, communicating and maintaining relationships. The data is processed for these purposes, as well as for archiving purposes, for the period of operation of HULUKI SP. Z OO Providing data is voluntary. <\/p>\n\n\n\n<p>Data of participants of workshops and meetings of HULUKI SP. Z OO organizes events in which participation sometimes requires prior registration or confirmation of participation on the attendance list. We process the data of people participating in our events in order to implement and settle the projects we run. Participants&#039; data are processed for the period of operation of HULUKI SP. Z OO for billing and archiving purposes. During some events, we ask for your consent to use your image in the form of photos. Expressing consent is voluntary. The photos are published on the website of HULUKI SP. Z OO and on social networking sites and are used only to document the course of events and promote the activities of HULUKI SP. Z OO, throughout the period of its operation.<\/p>\n\n\n\n<p> <\/p>\n\n\n\n<h2 class=\"wp-block-heading\">Data of employees and associates of HULUKI SP. Z OO <\/h2>\n\n\n\n<p>HULUKI SP. Z OO employs employees and cooperates on the basis of civil law contracts. This requires the processing of personal data necessary for the implementation of these contracts, to the extent specified by law. Personal data is processed for the time required in accordance with these regulations.<\/p>\n\n\n\n<p> <\/p>\n\n\n\n<h2 class=\"wp-block-heading\">Social media <\/h2>\n\n\n\n<p>HULUKI SP. Z OO maintains profiles on social networking sites, including Facebook. As a rule, the administrators of personal data posted on these websites are these portals. However, if you interact with HULUKI SP. Z OO through them, e.g. by sending a message or posting a comment HULUKI SP. Z OO also becomes the administrator of this data (username, photo, public profile and information contained in messages and comments).<\/p>\n\n\n\n<p> <\/p>\n\n\n\n<p>The basis for the processing of this personal data by the Foundation is its legitimate interest in communicating and maintaining relationships with people who visit our profiles on social networking sites. Rights of data subjects In connection with the processing of your personal data, you have the following rights: - the right of access to personal data and obtaining confirmation from the administrator whether your personal data is being processed, and if so, obtaining access to them and obtaining information to the extent indicated in <strong>art. 15 GDPR<\/strong>; \u2013 the right to rectify personal data that is incorrect or incomplete; \u2013 the right to delete personal data in the cases indicated in <strong>art. 17 GDPR<\/strong>, this is, among others, when the personal data are no longer necessary for the purposes for which they were collected; \u2013 the right to limit the processing of personal data in the cases indicated in <strong>art. 18 GDPR<\/strong>, among others questioning the accuracy of personal data; \u2013 the right to transfer personal data, i.e. to receive personal data from the administrator in a structured, commonly used, machine-readable format \u2013 if your data is processed on the basis of consent and the processing is carried out in an automated manner. You can then send this data to another data controller or request that the personal data be sent by the controller directly to another controller, if technically possible; \u2013 the right to object to the processing of personal data in the cases specified in <strong>art. 21 GDPR;<\/strong> \u2013 the right to lodge a complaint \u2013 if you believe that your rights have been violated, you can contact us to clarify any doubts.<\/p>\n\n\n\n<p> <\/p>\n\n\n\n<p>You also have the right to submit a complaint to the President of the Personal Data Protection Office in Warsaw.<\/p>\n\n\n\n<p> <\/p>\n\n\n\n<p>Changes to the Privacy Policy of HULUKI SP. Z OO reserves the right to change the content of this Privacy Policy by publishing a new version on the website of HULUKI SP. Z OO<\/p>","protected":false},"excerpt":{"rendered":"<p>Przeczytaj uwa\u017cnie poni\u017csze informacje. Dowiesz si\u0119 w jaki spos\u00f3b przetwarzamy Twoje dane osobowe w naszej firmie. Podstawa prawna: Rozporz\u0105dzenie Parlamentu Europejskiego i Rady (UE) 2016\/679 z dnia 27 kwietnia 2016 r. w sprawie ochrony os\u00f3b fizycznych w zwi\u0105zku z przetwarzaniem danych osobowych i w sprawie swobodnego przep\u0142ywu takich danych oraz uchylenia dyrektywy 95\/46\/WE. Pami\u0119taj, \u017ce [&hellip;]<\/p>","protected":false},"author":2,"featured_media":0,"parent":0,"menu_order":0,"comment_status":"closed","ping_status":"closed","template":"page-single.php","meta":{"inline_featured_image":false,"footnotes":""},"class_list":["post-1144","page","type-page","status-publish","hentry"],"acf":[],"yoast_head":"<!-- This site is optimized with the Yoast SEO plugin v22.8 - https:\/\/yoast.com\/wordpress\/plugins\/seo\/ -->\n<title>Polityka prywatno\u015bci<\/title>\n<meta name=\"description\" content=\"Dowiesz si\u0119 w jaki spos\u00f3b przetwarzamy Twoje dane osobowe w naszej firmie.\" \/>\n<meta name=\"robots\" content=\"index, follow, max-snippet:-1, max-image-preview:large, max-video-preview:-1\" \/>\n<link rel=\"canonical\" href=\"https:\/\/hulukitrade.com\/en\/privacy-policy\/\" \/>\n<meta property=\"og:locale\" content=\"en_GB\" \/>\n<meta property=\"og:type\" content=\"article\" \/>\n<meta property=\"og:title\" content=\"Polityka prywatno\u015bci\" \/>\n<meta property=\"og:description\" content=\"Dowiesz si\u0119 w jaki spos\u00f3b przetwarzamy Twoje dane osobowe w naszej firmie.\" \/>\n<meta property=\"og:url\" content=\"https:\/\/hulukitrade.com\/en\/privacy-policy\/\" \/>\n<meta property=\"og:site_name\" content=\"HulukiTrade\" \/>\n<meta property=\"article:modified_time\" content=\"2024-05-20T14:05:32+00:00\" \/>\n<meta name=\"twitter:card\" content=\"summary_large_image\" \/>\n<meta name=\"twitter:label1\" content=\"Estimated reading time\" \/>\n\t<meta name=\"twitter:data1\" content=\"5 minutes\" \/>\n<script type=\"application\/ld+json\" class=\"yoast-schema-graph\">{\"@context\":\"https:\/\/schema.org\",\"@graph\":[{\"@type\":\"WebPage\",\"@id\":\"https:\/\/hulukitrade.com\/polityka-prywatnosci\/\",\"url\":\"https:\/\/hulukitrade.com\/polityka-prywatnosci\/\",\"name\":\"Polityka prywatno\u015bci\",\"isPartOf\":{\"@id\":\"https:\/\/hulukitrade.com\/#website\"},\"datePublished\":\"2024-05-20T13:53:38+00:00\",\"dateModified\":\"2024-05-20T14:05:32+00:00\",\"description\":\"Dowiesz si\u0119 w jaki spos\u00f3b przetwarzamy Twoje dane osobowe w naszej firmie.\",\"breadcrumb\":{\"@id\":\"https:\/\/hulukitrade.com\/polityka-prywatnosci\/#breadcrumb\"},\"inLanguage\":\"en-GB\",\"potentialAction\":[{\"@type\":\"ReadAction\",\"target\":[\"https:\/\/hulukitrade.com\/polityka-prywatnosci\/\"]}]},{\"@type\":\"BreadcrumbList\",\"@id\":\"https:\/\/hulukitrade.com\/polityka-prywatnosci\/#breadcrumb\",\"itemListElement\":[{\"@type\":\"ListItem\",\"position\":1,\"name\":\"Strona g\u0142\u00f3wna\",\"item\":\"https:\/\/hulukitrade.com\/\"},{\"@type\":\"ListItem\",\"position\":2,\"name\":\"Polityka Ochrony Prywatno\u015bci (RODO)\"}]},{\"@type\":\"WebSite\",\"@id\":\"https:\/\/hulukitrade.com\/#website\",\"url\":\"https:\/\/hulukitrade.com\/\",\"name\":\"HulukiTrade\",\"description\":\"HulukiTrade\",\"publisher\":{\"@id\":\"https:\/\/hulukitrade.com\/#organization\"},\"potentialAction\":[{\"@type\":\"SearchAction\",\"target\":{\"@type\":\"EntryPoint\",\"urlTemplate\":\"https:\/\/hulukitrade.com\/?s={search_term_string}\"},\"query-input\":\"required name=search_term_string\"}],\"inLanguage\":\"en-GB\"},{\"@type\":\"Organization\",\"@id\":\"https:\/\/hulukitrade.com\/#organization\",\"name\":\"HulukiTrade\",\"url\":\"https:\/\/hulukitrade.com\/\",\"logo\":{\"@type\":\"ImageObject\",\"inLanguage\":\"en-GB\",\"@id\":\"https:\/\/hulukitrade.com\/#\/schema\/logo\/image\/\",\"url\":\"https:\/\/hulukitrade.com\/wp-content\/uploads\/2024\/04\/Group-12331-1.svg\",\"contentUrl\":\"https:\/\/hulukitrade.com\/wp-content\/uploads\/2024\/04\/Group-12331-1.svg\",\"width\":243,\"height\":243,\"caption\":\"HulukiTrade\"},\"image\":{\"@id\":\"https:\/\/hulukitrade.com\/#\/schema\/logo\/image\/\"}}]}<\/script>\n<!-- \/ Yoast SEO plugin. -->","yoast_head_json":{"title":"Polityka prywatno\u015bci","description":"Dowiesz si\u0119 w jaki spos\u00f3b przetwarzamy Twoje dane osobowe w naszej firmie.","robots":{"index":"index","follow":"follow","max-snippet":"max-snippet:-1","max-image-preview":"max-image-preview:large","max-video-preview":"max-video-preview:-1"},"canonical":"https:\/\/hulukitrade.com\/en\/privacy-policy\/","og_locale":"en_GB","og_type":"article","og_title":"Polityka prywatno\u015bci","og_description":"Dowiesz si\u0119 w jaki spos\u00f3b przetwarzamy Twoje dane osobowe w naszej firmie.","og_url":"https:\/\/hulukitrade.com\/en\/privacy-policy\/","og_site_name":"HulukiTrade","article_modified_time":"2024-05-20T14:05:32+00:00","twitter_card":"summary_large_image","twitter_misc":{"Estimated reading time":"5 minutes"},"schema":{"@context":"https:\/\/schema.org","@graph":[{"@type":"WebPage","@id":"https:\/\/hulukitrade.com\/polityka-prywatnosci\/","url":"https:\/\/hulukitrade.com\/polityka-prywatnosci\/","name":"Polityka prywatno\u015bci","isPartOf":{"@id":"https:\/\/hulukitrade.com\/#website"},"datePublished":"2024-05-20T13:53:38+00:00","dateModified":"2024-05-20T14:05:32+00:00","description":"Dowiesz si\u0119 w jaki spos\u00f3b przetwarzamy Twoje dane osobowe w naszej firmie.","breadcrumb":{"@id":"https:\/\/hulukitrade.com\/polityka-prywatnosci\/#breadcrumb"},"inLanguage":"en-GB","potentialAction":[{"@type":"ReadAction","target":["https:\/\/hulukitrade.com\/polityka-prywatnosci\/"]}]},{"@type":"BreadcrumbList","@id":"https:\/\/hulukitrade.com\/polityka-prywatnosci\/#breadcrumb","itemListElement":[{"@type":"ListItem","position":1,"name":"Strona g\u0142\u00f3wna","item":"https:\/\/hulukitrade.com\/"},{"@type":"ListItem","position":2,"name":"Polityka Ochrony Prywatno\u015bci (RODO)"}]},{"@type":"WebSite","@id":"https:\/\/hulukitrade.com\/#website","url":"https:\/\/hulukitrade.com\/","name":"HulukiTrade","description":"HulukiTrade","publisher":{"@id":"https:\/\/hulukitrade.com\/#organization"},"potentialAction":[{"@type":"SearchAction","target":{"@type":"EntryPoint","urlTemplate":"https:\/\/hulukitrade.com\/?s={search_term_string}"},"query-input":"required name=search_term_string"}],"inLanguage":"en-GB"},{"@type":"Organization","@id":"https:\/\/hulukitrade.com\/#organization","name":"HulukiTrade","url":"https:\/\/hulukitrade.com\/","logo":{"@type":"ImageObject","inLanguage":"en-GB","@id":"https:\/\/hulukitrade.com\/#\/schema\/logo\/image\/","url":"https:\/\/hulukitrade.com\/wp-content\/uploads\/2024\/04\/Group-12331-1.svg","contentUrl":"https:\/\/hulukitrade.com\/wp-content\/uploads\/2024\/04\/Group-12331-1.svg","width":243,"height":243,"caption":"HulukiTrade"},"image":{"@id":"https:\/\/hulukitrade.com\/#\/schema\/logo\/image\/"}}]}},"_links":{"self":[{"href":"https:\/\/hulukitrade.com\/en\/wp-json\/wp\/v2\/pages\/1144","targetHints":{"allow":["GET"]}}],"collection":[{"href":"https:\/\/hulukitrade.com\/en\/wp-json\/wp\/v2\/pages"}],"about":[{"href":"https:\/\/hulukitrade.com\/en\/wp-json\/wp\/v2\/types\/page"}],"author":[{"embeddable":true,"href":"https:\/\/hulukitrade.com\/en\/wp-json\/wp\/v2\/users\/2"}],"replies":[{"embeddable":true,"href":"https:\/\/hulukitrade.com\/en\/wp-json\/wp\/v2\/comments?post=1144"}],"version-history":[{"count":2,"href":"https:\/\/hulukitrade.com\/en\/wp-json\/wp\/v2\/pages\/1144\/revisions"}],"predecessor-version":[{"id":1146,"href":"https:\/\/hulukitrade.com\/en\/wp-json\/wp\/v2\/pages\/1144\/revisions\/1146"}],"wp:attachment":[{"href":"https:\/\/hulukitrade.com\/en\/wp-json\/wp\/v2\/media?parent=1144"}],"curies":[{"name":"wp","href":"https:\/\/api.w.org\/{rel}","templated":true}]}}