{"id":27,"date":"2024-01-29T21:19:50","date_gmt":"2024-01-29T20:19:50","guid":{"rendered":"https:\/\/dev.unlimitech.pl\/?page_id=27"},"modified":"2024-06-13T14:18:06","modified_gmt":"2024-06-13T12:18:06","slug":"kontakt","status":"publish","type":"page","link":"https:\/\/hulukitrade.com\/en\/contact\/","title":{"rendered":"Contact"},"content":{"rendered":"","protected":false},"excerpt":{"rendered":"","protected":false},"author":3,"featured_media":0,"parent":0,"menu_order":0,"comment_status":"closed","ping_status":"closed","template":"page-contact.php","meta":{"inline_featured_image":false,"footnotes":""},"class_list":["post-27","page","type-page","status-publish","hentry"],"acf":[],"yoast_head":"<!-- This site is optimized with the Yoast SEO plugin v22.8 - https:\/\/yoast.com\/wordpress\/plugins\/seo\/ -->\n<title>Kontakt<\/title>\n<meta name=\"description\" content=\"Huluki Sp\u00f3\u0142ka Z O.O. NIP: 7262653184 Telefon: +48 787 999 616 Email: contact@flikefashion.com Adres: Wile\u0144ska 9, 94-022 \u0141\u00f3d\u017a\" \/>\n<meta name=\"robots\" content=\"index, follow, max-snippet:-1, max-image-preview:large, max-video-preview:-1\" \/>\n<link rel=\"canonical\" href=\"https:\/\/hulukitrade.com\/en\/contact\/\" \/>\n<meta property=\"og:locale\" content=\"en_GB\" \/>\n<meta property=\"og:type\" content=\"article\" \/>\n<meta property=\"og:title\" content=\"Kontakt\" \/>\n<meta property=\"og:description\" content=\"Huluki Sp\u00f3\u0142ka Z O.O. NIP: 7262653184 Telefon: +48 787 999 616 Email: contact@flikefashion.com Adres: Wile\u0144ska 9, 94-022 \u0141\u00f3d\u017a\" \/>\n<meta property=\"og:url\" content=\"https:\/\/hulukitrade.com\/en\/contact\/\" \/>\n<meta property=\"og:site_name\" content=\"HulukiTrade\" \/>\n<meta property=\"article:modified_time\" content=\"2024-06-13T12:18:06+00:00\" \/>\n<meta name=\"twitter:card\" content=\"summary_large_image\" \/>\n<script type=\"application\/ld+json\" class=\"yoast-schema-graph\">{\"@context\":\"https:\/\/schema.org\",\"@graph\":[{\"@type\":\"WebPage\",\"@id\":\"https:\/\/hulukitrade.com\/kontakt\/\",\"url\":\"https:\/\/hulukitrade.com\/kontakt\/\",\"name\":\"Kontakt\",\"isPartOf\":{\"@id\":\"https:\/\/hulukitrade.com\/#website\"},\"datePublished\":\"2024-01-29T20:19:50+00:00\",\"dateModified\":\"2024-06-13T12:18:06+00:00\",\"description\":\"Huluki Sp\u00f3\u0142ka Z O.O. NIP: 7262653184 Telefon: +48 787 999 616 Email: contact@flikefashion.com Adres: Wile\u0144ska 9, 94-022 \u0141\u00f3d\u017a\",\"breadcrumb\":{\"@id\":\"https:\/\/hulukitrade.com\/kontakt\/#breadcrumb\"},\"inLanguage\":\"en-GB\",\"potentialAction\":[{\"@type\":\"ReadAction\",\"target\":[\"https:\/\/hulukitrade.com\/kontakt\/\"]}]},{\"@type\":\"BreadcrumbList\",\"@id\":\"https:\/\/hulukitrade.com\/kontakt\/#breadcrumb\",\"itemListElement\":[{\"@type\":\"ListItem\",\"position\":1,\"name\":\"Strona g\u0142\u00f3wna\",\"item\":\"https:\/\/hulukitrade.com\/\"},{\"@type\":\"ListItem\",\"position\":2,\"name\":\"Kontakt\"}]},{\"@type\":\"WebSite\",\"@id\":\"https:\/\/hulukitrade.com\/#website\",\"url\":\"https:\/\/hulukitrade.com\/\",\"name\":\"HulukiTrade\",\"description\":\"HulukiTrade\",\"publisher\":{\"@id\":\"https:\/\/hulukitrade.com\/#organization\"},\"potentialAction\":[{\"@type\":\"SearchAction\",\"target\":{\"@type\":\"EntryPoint\",\"urlTemplate\":\"https:\/\/hulukitrade.com\/?s={search_term_string}\"},\"query-input\":\"required name=search_term_string\"}],\"inLanguage\":\"en-GB\"},{\"@type\":\"Organization\",\"@id\":\"https:\/\/hulukitrade.com\/#organization\",\"name\":\"HulukiTrade\",\"url\":\"https:\/\/hulukitrade.com\/\",\"logo\":{\"@type\":\"ImageObject\",\"inLanguage\":\"en-GB\",\"@id\":\"https:\/\/hulukitrade.com\/#\/schema\/logo\/image\/\",\"url\":\"https:\/\/hulukitrade.com\/wp-content\/uploads\/2024\/04\/Group-12331-1.svg\",\"contentUrl\":\"https:\/\/hulukitrade.com\/wp-content\/uploads\/2024\/04\/Group-12331-1.svg\",\"width\":243,\"height\":243,\"caption\":\"HulukiTrade\"},\"image\":{\"@id\":\"https:\/\/hulukitrade.com\/#\/schema\/logo\/image\/\"}}]}<\/script>\n<!-- \/ Yoast SEO plugin. -->","yoast_head_json":{"title":"Kontakt","description":"Huluki Sp\u00f3\u0142ka Z O.O. NIP: 7262653184 Telefon: +48 787 999 616 Email: contact@flikefashion.com Adres: Wile\u0144ska 9, 94-022 \u0141\u00f3d\u017a","robots":{"index":"index","follow":"follow","max-snippet":"max-snippet:-1","max-image-preview":"max-image-preview:large","max-video-preview":"max-video-preview:-1"},"canonical":"https:\/\/hulukitrade.com\/en\/contact\/","og_locale":"en_GB","og_type":"article","og_title":"Kontakt","og_description":"Huluki Sp\u00f3\u0142ka Z O.O. NIP: 7262653184 Telefon: +48 787 999 616 Email: contact@flikefashion.com Adres: Wile\u0144ska 9, 94-022 \u0141\u00f3d\u017a","og_url":"https:\/\/hulukitrade.com\/en\/contact\/","og_site_name":"HulukiTrade","article_modified_time":"2024-06-13T12:18:06+00:00","twitter_card":"summary_large_image","schema":{"@context":"https:\/\/schema.org","@graph":[{"@type":"WebPage","@id":"https:\/\/hulukitrade.com\/kontakt\/","url":"https:\/\/hulukitrade.com\/kontakt\/","name":"Kontakt","isPartOf":{"@id":"https:\/\/hulukitrade.com\/#website"},"datePublished":"2024-01-29T20:19:50+00:00","dateModified":"2024-06-13T12:18:06+00:00","description":"Huluki Sp\u00f3\u0142ka Z O.O. NIP: 7262653184 Telefon: +48 787 999 616 Email: contact@flikefashion.com Adres: Wile\u0144ska 9, 94-022 \u0141\u00f3d\u017a","breadcrumb":{"@id":"https:\/\/hulukitrade.com\/kontakt\/#breadcrumb"},"inLanguage":"en-GB","potentialAction":[{"@type":"ReadAction","target":["https:\/\/hulukitrade.com\/kontakt\/"]}]},{"@type":"BreadcrumbList","@id":"https:\/\/hulukitrade.com\/kontakt\/#breadcrumb","itemListElement":[{"@type":"ListItem","position":1,"name":"Strona g\u0142\u00f3wna","item":"https:\/\/hulukitrade.com\/"},{"@type":"ListItem","position":2,"name":"Kontakt"}]},{"@type":"WebSite","@id":"https:\/\/hulukitrade.com\/#website","url":"https:\/\/hulukitrade.com\/","name":"HulukiTrade","description":"HulukiTrade","publisher":{"@id":"https:\/\/hulukitrade.com\/#organization"},"potentialAction":[{"@type":"SearchAction","target":{"@type":"EntryPoint","urlTemplate":"https:\/\/hulukitrade.com\/?s={search_term_string}"},"query-input":"required name=search_term_string"}],"inLanguage":"en-GB"},{"@type":"Organization","@id":"https:\/\/hulukitrade.com\/#organization","name":"HulukiTrade","url":"https:\/\/hulukitrade.com\/","logo":{"@type":"ImageObject","inLanguage":"en-GB","@id":"https:\/\/hulukitrade.com\/#\/schema\/logo\/image\/","url":"https:\/\/hulukitrade.com\/wp-content\/uploads\/2024\/04\/Group-12331-1.svg","contentUrl":"https:\/\/hulukitrade.com\/wp-content\/uploads\/2024\/04\/Group-12331-1.svg","width":243,"height":243,"caption":"HulukiTrade"},"image":{"@id":"https:\/\/hulukitrade.com\/#\/schema\/logo\/image\/"}}]}},"_links":{"self":[{"href":"https:\/\/hulukitrade.com\/en\/wp-json\/wp\/v2\/pages\/27","targetHints":{"allow":["GET"]}}],"collection":[{"href":"https:\/\/hulukitrade.com\/en\/wp-json\/wp\/v2\/pages"}],"about":[{"href":"https:\/\/hulukitrade.com\/en\/wp-json\/wp\/v2\/types\/page"}],"author":[{"embeddable":true,"href":"https:\/\/hulukitrade.com\/en\/wp-json\/wp\/v2\/users\/3"}],"replies":[{"embeddable":true,"href":"https:\/\/hulukitrade.com\/en\/wp-json\/wp\/v2\/comments?post=27"}],"version-history":[{"count":16,"href":"https:\/\/hulukitrade.com\/en\/wp-json\/wp\/v2\/pages\/27\/revisions"}],"predecessor-version":[{"id":1223,"href":"https:\/\/hulukitrade.com\/en\/wp-json\/wp\/v2\/pages\/27\/revisions\/1223"}],"wp:attachment":[{"href":"https:\/\/hulukitrade.com\/en\/wp-json\/wp\/v2\/media?parent=27"}],"curies":[{"name":"wp","href":"https:\/\/api.w.org\/{rel}","templated":true}]}}